{"id":3856,"date":"2022-02-03T12:08:08","date_gmt":"2022-02-03T11:08:08","guid":{"rendered":"https:\/\/rheingeist.de\/clients\/demmer\/?page_id=3856"},"modified":"2023-12-04T16:26:20","modified_gmt":"2023-12-04T15:26:20","slug":"finanzierung","status":"publish","type":"page","link":"https:\/\/www.demmer-cie.de\/en\/profil\/finanzierung\/","title":{"rendered":"Financing"},"content":{"rendered":"<style>@media (min-width: 992px) { .liquid-row-responsive-69f1eeb4aa715 {padding-top:120px !important; padding-bottom:60px !important;  }  }    <\/style><section id=\"what-we-do\" style=\"background-position:-200px 50% !important;\" data-bg-image=\"url\" class=\"vc_row vc_custom_1643972949290 liquid-row-responsive-69f1eeb4aa715 liquid-row-shadowbox-69f1eeb4aa753 vc_row-has-fill vc_row-has-bg\"><div class=\"ld-container container\"><div class=\"row ld-row ld-row-outer\"><div class=\"wpb_column vc_column_container vc_col-sm-4 liquid-column-69f1eeb4ab291\"><div class=\"vc_column-inner\" ><div class=\"wpb_wrapper\"  ><style>.ld_fancy_heading_69f1eeb4ab4a8 h2 {font-size:42px; } .ld_fancy_heading_69f1eeb4ab4a8 h2 {font-weight:500; } .ld_fancy_heading_69f1eeb4ab4a8 h2 {margin-bottom:0.75em !important;  } .ld_fancy_heading_69f1eeb4ab4a8 .lqd-highlight-inner{height:0.275em!important;bottom:0px!important;}.ld_fancy_heading_69f1eeb4ab4a8 h2 {font-size:42px; } .ld_fancy_heading_69f1eeb4ab4a8 h2 {font-weight:500; } .ld_fancy_heading_69f1eeb4ab4a8 h2 {margin-bottom:0.75em !important;  } <\/style><div class=\"ld-fancy-heading ld_fancy_heading_69f1eeb4ab4a8\">\n\t<h2 class=\"ld-fh-element lqd-highlight-underline lqd-highlight-grow-left text-decoration-default\"   >  <em>Financing<\/em><\/h2><\/div><\/div><\/div><\/div><div class=\"wpb_column vc_column_container vc_col-sm-7 vc_col-sm-offset-1 liquid-column-69f1eeb4abdc1\"><div class=\"vc_column-inner\" ><div class=\"wpb_wrapper\"  ><style>.ld_fancy_heading_69f1eeb4abf36 p{color:rgb(0, 0, 0);}.ld_fancy_heading_69f1eeb4abf36 p {font-size:15pt; } .ld_fancy_heading_69f1eeb4abf36 p {line-height:30px; } .ld_fancy_heading_69f1eeb4abf36 p {--element-line-height:30px; } .ld_fancy_heading_69f1eeb4abf36 p {margin-bottom:2em !important;  } .ld_fancy_heading_69f1eeb4abf36 .lqd-highlight-inner{height:0.275em!important;bottom:0px!important;}.ld_fancy_heading_69f1eeb4abf36 p {font-size:15pt; } .ld_fancy_heading_69f1eeb4abf36 p {line-height:30px; } .ld_fancy_heading_69f1eeb4abf36 p {--element-line-height:30px; } .ld_fancy_heading_69f1eeb4abf36 p {margin-bottom:2em !important;  } <\/style><div class=\"ld-fancy-heading ld_fancy_heading_69f1eeb4abf36\">\n\t<p class=\"ld-fh-element lqd-highlight-underline lqd-highlight-grow-left text-decoration-default\"   >  You mandate us to structure financing depending on the occasion, i.e. in the case of acquisition financing needs, to identify alternative sources of financing and to implement them through equity, mezzanine and\/or debt capital (including subsidies from the state and relevant federal states). A typical starting situation is that companies today are looking for additional capital, both for financing current assets and for investments in fixed assets. The problem associated with this is that the absolute number of banks is gradually decreasing and lending is becoming more and more restricted due to the increasing capital requirements. The situation in the SME sector is further aggravated by the rising refinancing costs due to increased capital requirements of the lending banks depending on the object of the financing and the rating, as well as the decreasing number of banks that are still active in the SME sector.<\/p><\/div><style>.ld_fancy_heading_69f1eeb4ac1c0 p{color:rgb(0, 0, 0);}.ld_fancy_heading_69f1eeb4ac1c0 p {font-size:15pt; } .ld_fancy_heading_69f1eeb4ac1c0 p {line-height:30px; } .ld_fancy_heading_69f1eeb4ac1c0 p {--element-line-height:30px; } .ld_fancy_heading_69f1eeb4ac1c0 p {margin-bottom:2em !important;  } .ld_fancy_heading_69f1eeb4ac1c0 .lqd-highlight-inner{height:0.275em!important;bottom:0px!important;}.ld_fancy_heading_69f1eeb4ac1c0 p {font-size:15pt; } .ld_fancy_heading_69f1eeb4ac1c0 p {line-height:30px; } .ld_fancy_heading_69f1eeb4ac1c0 p {--element-line-height:30px; } .ld_fancy_heading_69f1eeb4ac1c0 p {margin-bottom:2em !important;  } <\/style><div class=\"ld-fancy-heading ld_fancy_heading_69f1eeb4ac1c0\">\n\t<p class=\"ld-fh-element lqd-highlight-underline lqd-highlight-grow-left text-decoration-default\"   >  We look for solutions: for example, we analyse the capital requirements, model and structure the transaction in order to select and approach financing partners in a targeted manner. We know domestic and foreign banks that want to build up a portfolio of SME loans, and we try out alternative sources such as financial investors, debt funds, private banks and family offices. In addition, we assess the inclusion of collateral in the structuring of loan exposures in the interest of our client. We have an extensive track record with regard to different financing solutions, as acquisition and\/or mezzanine financing, as silent participations or as venture capital. The following is an excerpt of transactions that the partners in our firm have accompanied and responsibly implemented in their professional careers:<\/p><\/div><\/div><\/div><\/div><div class=\"wpb_column vc_column_container vc_col-sm-6 liquid-column-69f1eeb4ac81b\"><div class=\"vc_column-inner\" ><div class=\"wpb_wrapper\"  ><style>.ld_fancy_heading_69f1eeb4acdcd p{color:rgb(0, 0, 0);}.ld_fancy_heading_69f1eeb4acdcd .lqd-highlight-inner{height:0.275em!important;bottom:0px!important;}<\/style><div class=\"ld-fancy-heading mask-text ld_fancy_heading_69f1eeb4acdcd\">\n\t<p class=\"ld-fh-element lqd-highlight-underline lqd-highlight-grow-left text-decoration-default lqd-split-lines\"   data-split-text=\"true\" data-split-options='{\"type\":\"lines\"}'>  <\/p>\n<ul>\n<li class=\"li1\"><em>Development and implementation of a refinancing concept via a real estate sale &amp; lease back transaction structure.<\/em><\/li>\n<\/ul>\n<p>&nbsp;<\/p>\n<ul>\n<li class=\"li1\"><em>Structuring of an LBO financing for the acquisition of a German logistics company (turnover &lt; EUR 100m) by a Spanish company\u00a0<\/em><\/li>\n<\/ul>\n<p>&nbsp;<\/p>\n<ul>\n<li class=\"li1\"><em>Raising EUR 1m from the consolidation fund of the Free State of Thuringia for the implementation of the financial restructuring of a company in the consumer goods industry<\/em><\/li>\n<\/ul>\n<p>&nbsp;<\/p>\n<ul>\n<li class=\"li2\"><em>Raised more than EUR 25m from various venture capital investors<\/em><\/li>\n<\/ul>\n<p>&nbsp;<\/p>\n<ul>\n<li class=\"li2\"><em>Raised more than EUR 5m in public funding from the EU, the BMBF and the State of Berlin<\/em><\/li>\n<\/ul>\n<p><\/p><\/div><\/div><\/div><\/div><div class=\"wpb_column vc_column_container vc_col-sm-6 liquid-column-69f1eeb4ad1e8\"><div class=\"vc_column-inner\" ><div class=\"wpb_wrapper\"  ><style>.ld_fancy_heading_69f1eeb4ad37f p{color:rgb(0, 0, 0);}.ld_fancy_heading_69f1eeb4ad37f .lqd-highlight-inner{height:0.275em!important;bottom:0px!important;}<\/style><div class=\"ld-fancy-heading mask-text ld_fancy_heading_69f1eeb4ad37f\">\n\t<p class=\"ld-fh-element lqd-highlight-underline lqd-highlight-grow-left text-decoration-default lqd-split-lines\"   data-split-text=\"true\" data-split-options='{\"type\":\"lines\"}'>  <\/p>\n<ul>\n<li class=\"li1\"><em>Debt advisor to a German Tier 3 automotive supplier in restructuring its liabilities and raising debt capital for upcoming investment projects<\/em><\/li>\n<\/ul>\n<p>&nbsp;<\/p>\n<ul>\n<li class=\"li1\"><em>Advising and investing in an MBO in the tourism industry (turnover \u20ac 20 million \/ transaction volume \u20ac 25 million)<\/em><\/li>\n<\/ul>\n<p>&nbsp;<\/p>\n<ul>\n<li class=\"li1\"><em>Advice and provision of expansion financing in the food industry (equity increase \u20ac 20 million)<\/em><\/li>\n<\/ul>\n<p>&nbsp;<\/p>\n<ul>\n<li class=\"li1\"><em>Acquisition financing of an owner buy-out in the clothing industry (turnover \u20ac 18 million \/ transaction volume \u20ac 13 million)<\/em><\/li>\n<\/ul>\n<p>&nbsp;<\/p>\n<ul>\n<li class=\"li1\"><em>Acquisition financing of an MBO in the workwear industry (turnover \u20ac 35 million \/ transaction volume \u20ac 38 million)<\/em><\/li>\n<\/ul>\n<p><\/p><\/div><\/div><\/div><\/div><\/div><\/div><\/section>","protected":false},"excerpt":{"rendered":"Finanzierung Sie mandatieren uns, Finanzierungen in Abh\u00e4ngigkeit vom entsprechenden Anlass zu strukturieren, d.h. bei Akquisitionsfinanzierungsbedarf, alternative Quellen der Finanzierung zu identifizieren und \u00fcber Eigen-, Mezzanine- und\/ oder Fremdkapital (inkl. F\u00f6rdermitteln des Staates und entsprechender Bundesl\u00e4nder) umzusetzen. Eine typische Ausgangssituation ist, dass Unternehmen heute zus\u00e4tzliches Kapital suchen, sowohl f\u00fcr die Finanzierung des Umlaufverm\u00f6gens, als auch f\u00fcr [...]","protected":false},"author":2,"featured_media":0,"parent":3847,"menu_order":0,"comment_status":"closed","ping_status":"closed","template":"","meta":{"footnotes":""},"class_list":["post-3856","page","type-page","status-publish","hentry"],"_links":{"self":[{"href":"https:\/\/www.demmer-cie.de\/en\/wp-json\/wp\/v2\/pages\/3856","targetHints":{"allow":["GET"]}}],"collection":[{"href":"https:\/\/www.demmer-cie.de\/en\/wp-json\/wp\/v2\/pages"}],"about":[{"href":"https:\/\/www.demmer-cie.de\/en\/wp-json\/wp\/v2\/types\/page"}],"author":[{"embeddable":true,"href":"https:\/\/www.demmer-cie.de\/en\/wp-json\/wp\/v2\/users\/2"}],"replies":[{"embeddable":true,"href":"https:\/\/www.demmer-cie.de\/en\/wp-json\/wp\/v2\/comments?post=3856"}],"version-history":[{"count":5,"href":"https:\/\/www.demmer-cie.de\/en\/wp-json\/wp\/v2\/pages\/3856\/revisions"}],"predecessor-version":[{"id":4159,"href":"https:\/\/www.demmer-cie.de\/en\/wp-json\/wp\/v2\/pages\/3856\/revisions\/4159"}],"up":[{"embeddable":true,"href":"https:\/\/www.demmer-cie.de\/en\/wp-json\/wp\/v2\/pages\/3847"}],"wp:attachment":[{"href":"https:\/\/www.demmer-cie.de\/en\/wp-json\/wp\/v2\/media?parent=3856"}],"curies":[{"name":"wp","href":"https:\/\/api.w.org\/{rel}","templated":true}]}}