{"id":3857,"date":"2022-02-03T12:08:29","date_gmt":"2022-02-03T11:08:29","guid":{"rendered":"https:\/\/rheingeist.de\/clients\/demmer\/?page_id=3857"},"modified":"2023-12-28T17:56:28","modified_gmt":"2023-12-28T16:56:28","slug":"implementierung","status":"publish","type":"page","link":"https:\/\/www.demmer-cie.de\/en\/profil\/implementierung\/","title":{"rendered":"Implementation"},"content":{"rendered":"<style>@media (min-width: 992px) { .liquid-row-responsive-69f2000a8fbff {padding-top:120px !important; padding-bottom:60px !important;  }  }    <\/style><section id=\"what-we-do\" style=\"background-position:-200px 50% !important;\" data-bg-image=\"url\" class=\"vc_row vc_custom_1643972949290 liquid-row-responsive-69f2000a8fbff liquid-row-shadowbox-69f2000a8fc62 vc_row-has-fill vc_row-has-bg\"><div class=\"ld-container container\"><div class=\"row ld-row ld-row-outer\"><div class=\"wpb_column vc_column_container vc_col-sm-4 liquid-column-69f2000a90d92\"><div class=\"vc_column-inner\" ><div class=\"wpb_wrapper\"  ><style>.ld_fancy_heading_69f2000a91150 h2 {font-size:42px; } .ld_fancy_heading_69f2000a91150 h2 {font-weight:500; } .ld_fancy_heading_69f2000a91150 h2 {margin-bottom:0.75em !important;  } .ld_fancy_heading_69f2000a91150 .lqd-highlight-inner{height:0.275em!important;bottom:0px!important;}.ld_fancy_heading_69f2000a91150 h2 {font-size:42px; } .ld_fancy_heading_69f2000a91150 h2 {font-weight:500; } .ld_fancy_heading_69f2000a91150 h2 {margin-bottom:0.75em !important;  } <\/style><div class=\"ld-fancy-heading ld_fancy_heading_69f2000a91150\">\n\t<h2 class=\"ld-fh-element lqd-highlight-underline lqd-highlight-grow-left text-decoration-default\"   >  <em>Strategic Advisory<\/em><\/h2><\/div><\/div><\/div><\/div><div class=\"wpb_column vc_column_container vc_col-sm-7 vc_col-sm-offset-1 liquid-column-69f2000a92071\"><div class=\"vc_column-inner\" ><div class=\"wpb_wrapper\"  ><style>.ld_fancy_heading_69f2000a9235a p{color:rgb(0, 0, 0);}.ld_fancy_heading_69f2000a9235a p {font-size:15pt; } .ld_fancy_heading_69f2000a9235a p {line-height:30px; } .ld_fancy_heading_69f2000a9235a p {--element-line-height:30px; } .ld_fancy_heading_69f2000a9235a .lqd-highlight-inner{height:0.275em!important;bottom:0px!important;}.ld_fancy_heading_69f2000a9235a p {font-size:15pt; } .ld_fancy_heading_69f2000a9235a p {line-height:30px; } .ld_fancy_heading_69f2000a9235a p {--element-line-height:30px; } <\/style><div class=\"ld-fancy-heading ld_fancy_heading_69f2000a9235a\">\n\t<p class=\"ld-fh-element lqd-highlight-underline lqd-highlight-grow-left text-decoration-default\"   >  Upstream and downstream of the corporate finance topics, we advise the entrepreneur on strategic issues, for example in connection with questions on a market assessment prior to the examination of a possible acquisition, performance measurement or examination of a contractual cooperation and its design instead of an M&amp;A transaction. The following are examples of transactions that our partners have accompanied and responsibly implemented in their professional careers:<\/p><\/div><style>.ld_fancy_heading_69f2000a92810 p{color:rgb(0, 0, 0);}.ld_fancy_heading_69f2000a92810 p {margin-bottom:1.5em !important;  } .ld_fancy_heading_69f2000a92810 .lqd-highlight-inner{height:0.275em!important;bottom:0px!important;}.ld_fancy_heading_69f2000a92810 p {margin-bottom:1.5em !important;  } <\/style><div class=\"ld-fancy-heading mask-text text-left ld_fancy_heading_69f2000a92810\">\n\t<p class=\"ld-fh-element lqd-highlight-underline lqd-highlight-grow-left text-decoration-default lqd-split-lines\"   data-split-text=\"true\" data-split-options='{\"type\":\"lines\"}'>  <\/p>\n<ul>\n<li><em>Implementation of an off-shore private banking strategy in Switzerland<\/em><\/li>\n<\/ul>\n<p>&nbsp;<\/p>\n<ul>\n<li><em>Planning and implementation of a strategic sales cooperation between a Swiss and German private bank.<\/em><\/li>\n<\/ul>\n<p>&nbsp;<\/p>\n<ul>\n<li><em>Project responsibility for the design, governance and organisational structure of an investment company in the Kingdom of Bahrain <\/em><\/li>\n<\/ul>\n<p>&nbsp;<\/p>\n<ul>\n<li><em> Senior advisor to an international listed healthcare logistics company on industrial and tactical issues related to the proposed acquisition of a major German provider of healthcare services and individual healthcare therapy products\u00a0 <\/em><\/li>\n<\/ul>\n<p><\/p><\/div><\/div><\/div><\/div><\/div><\/div><\/section>","protected":false},"excerpt":{"rendered":"Strategische Beratung Vor und nachgelagert zu den Corporate Finance Themen beraten wir den Unternehmer bei strategischen Fragestellungen, so im Zusammenhang mit Fragen zu einer Marktbeurteilung vor der Pr\u00fcfung einer m\u00f6glichen Akquisition, Performance Messung oder Pr\u00fcfung einer vertraglichen Kooperation und deren Ausgestaltung anstelle einer M&amp;A Transaktion. Beispielhaft finden Sie nachfolgende Transaktionsbeispiele, die unsere Partner in ihrer [...]","protected":false},"author":2,"featured_media":0,"parent":3847,"menu_order":0,"comment_status":"closed","ping_status":"closed","template":"","meta":{"footnotes":""},"class_list":["post-3857","page","type-page","status-publish","hentry"],"_links":{"self":[{"href":"https:\/\/www.demmer-cie.de\/en\/wp-json\/wp\/v2\/pages\/3857","targetHints":{"allow":["GET"]}}],"collection":[{"href":"https:\/\/www.demmer-cie.de\/en\/wp-json\/wp\/v2\/pages"}],"about":[{"href":"https:\/\/www.demmer-cie.de\/en\/wp-json\/wp\/v2\/types\/page"}],"author":[{"embeddable":true,"href":"https:\/\/www.demmer-cie.de\/en\/wp-json\/wp\/v2\/users\/2"}],"replies":[{"embeddable":true,"href":"https:\/\/www.demmer-cie.de\/en\/wp-json\/wp\/v2\/comments?post=3857"}],"version-history":[{"count":6,"href":"https:\/\/www.demmer-cie.de\/en\/wp-json\/wp\/v2\/pages\/3857\/revisions"}],"predecessor-version":[{"id":4280,"href":"https:\/\/www.demmer-cie.de\/en\/wp-json\/wp\/v2\/pages\/3857\/revisions\/4280"}],"up":[{"embeddable":true,"href":"https:\/\/www.demmer-cie.de\/en\/wp-json\/wp\/v2\/pages\/3847"}],"wp:attachment":[{"href":"https:\/\/www.demmer-cie.de\/en\/wp-json\/wp\/v2\/media?parent=3857"}],"curies":[{"name":"wp","href":"https:\/\/api.w.org\/{rel}","templated":true}]}}